{"id":1333,"date":"2015-08-12T14:41:48","date_gmt":"2015-08-12T12:41:48","guid":{"rendered":"http:\/\/bnhmm.fr\/?page_id=1333&#038;lang=en"},"modified":"2024-12-05T18:20:22","modified_gmt":"2024-12-05T17:20:22","slug":"disclaimer","status":"publish","type":"page","link":"https:\/\/bonhomme.fr\/en\/disclaimer\/","title":{"rendered":"Disclaimer"},"content":{"rendered":"<div class=\"wpb-content-wrapper\"><p>[vc_row type=&#8221;full-nopad&#8221; css=&#8221;.vc_custom_1432728062229{padding-top: 46px !important;}&#8221;][vc_column][vc_separator][\/vc_column][\/vc_row][vc_row type=&#8221;boxed&#8221; css=&#8221;.vc_custom_1432728051583{padding-top: 49px !important;}&#8221;][vc_column width=&#8221;1\/4&#8243;][vc_column_text el_class=&#8221;nm-highlight-text&#8221;]<\/p>\n<h3>Conditions g\u00e9n\u00e9rales de vente<\/h3>\n<p>[\/vc_column_text][vc_empty_space height=&#8221;30px&#8221;][\/vc_column][vc_column width=&#8221;3\/4&#8243; offset=&#8221;vc_col-lg-5&#8243;][vc_column_text]Les pr\u00e9sentes conditions g\u00e9n\u00e9rales r\u00e9gissent les modalit\u00e9s et conditions de vente en ligne par Bonhomme\u00a0\u00e0 ses clients. Toute commande par un client implique son acceptation de plein droit et sans r\u00e9serve des pr\u00e9sentes conditions. L\u2019ensemble des donn\u00e9es fournies et la confirmation enregistr\u00e9e vaudront preuve de la transaction. La confirmation par mail, au plus tard 24h jour ouvrable apr\u00e8s validation de votre commande vaudra signature et acceptation des op\u00e9rations effectu\u00e9es. Le prix de vente des produits est exprim\u00e9 en euros toutes taxes comprises, hors frais d\u2019exp\u00e9dition. Le paiement PAYPAL permet aux acheteurs de payer en ligne et au vendeur de recevoir ce paiement. PAYPAL contribue \u00e0 prot\u00e9ger les informations concernant votre carte bancaire gr\u00e2ce aux meilleurs syst\u00e8mes pr\u00e9sents sur le march\u00e9 pour la s\u00e9curit\u00e9 et la pr\u00e9vention contre la fraude. Lorsque vous l\u2019utilisez vos informations bancaires ne sont jamais communiqu\u00e9es au marchand. Les photographies du catalogue sont les plus fid\u00e8les possible mais ne peuvent assurer une similitude parfaite avec le produit propos\u00e9, de plus le produits sont vintage. Tout client insatisfait dispose d\u2019un d\u00e9lai de 7 jours ouvrables pour se r\u00e9tracter. Le produit doit \u00eatre retourn\u00e9 en parfait \u00e9tat, dans son emballage d\u2019origine \u00e0 l\u2019adresse de la soci\u00e9t\u00e9. Toutes les cr\u00e9ations et tous les produits pr\u00e9sent\u00e9s sur le site sont prot\u00e9g\u00e9s par la r\u00e9glementation en vigueur sur les droits d\u2019auteurs, dessins, mod\u00e8les et marques d\u00e9pos\u00e9s dans le monde entier. Modes d\u2019exp\u00e9dition : Les d\u00e9lais de livraison ne sont donn\u00e9s qu\u2019\u00e0 titre indicatif, si ceux-ci d\u00e9passent soixante jours \u00e0 compter de la commande, le contrat de vente pourra \u00eatre r\u00e9sili\u00e9 et l\u2019acheteur rembours\u00e9. Toutes les commandes sont exp\u00e9di\u00e9es par la Poste en Colis. La participation aux frais d\u2019exp\u00e9dition comprend les frais d\u2019emballage ainsi que les frais de port. Je livre partout en France m\u00e9tropolitaine, en Europe (CEE) et \u00e0 l\u2019International. Bonhomme, Mannet\u00f4t, 14370 M\u00e9ry-Corbon,\u00a006 31 86 93 83, contact@bonhomme.fr[\/vc_column_text][\/vc_column][\/vc_row][vc_row type=&#8221;full-nopad&#8221; css=&#8221;.vc_custom_1432728062229{padding-top: 46px !important;}&#8221;][vc_column][vc_separator][\/vc_column][\/vc_row][vc_row type=&#8221;boxed&#8221; css=&#8221;.vc_custom_1432728051583{padding-top: 49px !important;}&#8221;][vc_column width=&#8221;1\/4&#8243;][vc_column_text el_class=&#8221;nm-highlight-text&#8221;]<\/p>\n<h3>Mentions l\u00e9gales<\/h3>\n<p>[\/vc_column_text][vc_empty_space height=&#8221;30px&#8221;][\/vc_column][vc_column width=&#8221;3\/4&#8243; offset=&#8221;vc_col-lg-5&#8243;][vc_column_text]Editeur et Vendeur \u2013 Contact<br \/>\nBonhomme<\/p>\n<p>Auto-entrepreneur<br \/>\nSi\u00e8ge social : Mannet\u00f4t, 14370 M\u00e9ry-Corbon &#8211; FRANCE<br \/>\nT\u00e9l : +33 (0)6\u00a031 86 93 83<\/p>\n<p>Directeur de la publication :\u00a0Bonhomme dream team<br \/>\nDirection artistique : www.ip-3.fr<br \/>\nDev :\u00a0Eliott Andrieu<\/p>\n<p>Notre Service Clients est \u00e0 votre disposition pour r\u00e9pondre \u00e0 vos questions.<br \/>\nVous avez la possibilit\u00e9 de le contacter \u00e0 tout moment par courrier \u00e9lectronique, \u00e0 l\u2019adresse suivante:\u00a0<a href=\"mailto:contact@bonhomme.fr\" target=\"_blank\" rel=\"noopener\">contact@bonhomme.fr<\/a>[\/vc_column_text][\/vc_column][\/vc_row][vc_row][vc_column][vc_empty_space height=&#8221;50&#8243;][\/vc_column][\/vc_row]<\/p>\n<\/div>","protected":false},"excerpt":{"rendered":"<p>[vc_row type=&#8221;full-nopad&#8221; css=&#8221;.vc_custom_1432728062229{padding-top: 46px !important;}&#8221;][vc_column][vc_separator][\/vc_column][\/vc_row][vc_row type=&#8221;boxed&#8221; css=&#8221;.vc_custom_1432728051583{padding-top: 49px !important;}&#8221;][vc_column width=&#8221;1\/4&#8243;][vc_column_text el_class=&#8221;nm-highlight-text&#8221;] Conditions g\u00e9n\u00e9rales de vente [\/vc_column_text][vc_empty_space height=&#8221;30px&#8221;][\/vc_column][vc_column width=&#8221;3\/4&#8243; offset=&#8221;vc_col-lg-5&#8243;][vc_column_text]Les pr\u00e9sentes conditions g\u00e9n\u00e9rales r\u00e9gissent les modalit\u00e9s et conditions de vente en ligne par Bonhomme\u00a0\u00e0 ses clients. Toute commande par un client implique son acceptation de plein droit et sans r\u00e9serve des pr\u00e9sentes conditions. L\u2019ensemble des donn\u00e9es &hellip;<\/p>\n","protected":false},"author":279,"featured_media":0,"parent":0,"menu_order":0,"comment_status":"closed","ping_status":"closed","template":"","meta":{"footnotes":""},"class_list":["post-1333","page","type-page","status-publish","hentry"],"yoast_head":"<!-- This site is optimized with the Yoast SEO plugin v27.3 - https:\/\/yoast.com\/product\/yoast-seo-wordpress\/ -->\n<title>Disclaimer &#8212; BONHOMME escape scarves<\/title>\n<meta name=\"robots\" content=\"noindex, nofollow\" \/>\n<meta property=\"og:locale\" content=\"en_US\" \/>\n<meta property=\"og:type\" content=\"article\" \/>\n<meta property=\"og:title\" content=\"Disclaimer &#8212; BONHOMME escape scarves\" \/>\n<meta property=\"og:description\" content=\"[vc_row type=&#8221;full-nopad&#8221; css=&#8221;.vc_custom_1432728062229{padding-top: 46px !important;}&#8221;][vc_column][vc_separator][\/vc_column][\/vc_row][vc_row type=&#8221;boxed&#8221; css=&#8221;.vc_custom_1432728051583{padding-top: 49px !important;}&#8221;][vc_column width=&#8221;1\/4&#8243;][vc_column_text el_class=&#8221;nm-highlight-text&#8221;] Conditions g\u00e9n\u00e9rales de vente [\/vc_column_text][vc_empty_space height=&#8221;30px&#8221;][\/vc_column][vc_column width=&#8221;3\/4&#8243; offset=&#8221;vc_col-lg-5&#8243;][vc_column_text]Les pr\u00e9sentes conditions g\u00e9n\u00e9rales r\u00e9gissent les modalit\u00e9s et conditions de vente en ligne par Bonhomme\u00a0\u00e0 ses clients. Toute commande par un client implique son acceptation de plein droit et sans r\u00e9serve des pr\u00e9sentes conditions. L\u2019ensemble des donn\u00e9es &hellip;\" \/>\n<meta property=\"og:url\" content=\"https:\/\/bonhomme.fr\/en\/disclaimer\/\" \/>\n<meta property=\"og:site_name\" content=\"BONHOMME escape scarves\" \/>\n<meta property=\"article:publisher\" content=\"https:\/\/www.facebook.com\/bnhmmparis\" \/>\n<meta property=\"article:modified_time\" content=\"2024-12-05T17:20:22+00:00\" \/>\n<meta property=\"og:image\" content=\"https:\/\/bonhomme.fr\/wp-content\/uploads\/2017\/12\/WEB-WW2-CHINA-3.jpg\" \/>\n\t<meta property=\"og:image:width\" content=\"1280\" \/>\n\t<meta property=\"og:image:height\" content=\"1588\" \/>\n\t<meta property=\"og:image:type\" content=\"image\/jpeg\" \/>\n<meta name=\"twitter:card\" content=\"summary_large_image\" \/>\n<script type=\"application\/ld+json\" class=\"yoast-schema-graph\">{\"@context\":\"https:\\\/\\\/schema.org\",\"@graph\":[{\"@type\":\"WebPage\",\"@id\":\"https:\\\/\\\/bonhomme.fr\\\/en\\\/disclaimer\\\/\",\"url\":\"https:\\\/\\\/bonhomme.fr\\\/en\\\/disclaimer\\\/\",\"name\":\"Disclaimer &#8212; BONHOMME escape scarves\",\"isPartOf\":{\"@id\":\"https:\\\/\\\/bonhomme.fr\\\/en\\\/#website\"},\"datePublished\":\"2015-08-12T12:41:48+00:00\",\"dateModified\":\"2024-12-05T17:20:22+00:00\",\"breadcrumb\":{\"@id\":\"https:\\\/\\\/bonhomme.fr\\\/en\\\/disclaimer\\\/#breadcrumb\"},\"inLanguage\":\"en-US\",\"potentialAction\":[{\"@type\":\"ReadAction\",\"target\":[\"https:\\\/\\\/bonhomme.fr\\\/en\\\/disclaimer\\\/\"]}]},{\"@type\":\"BreadcrumbList\",\"@id\":\"https:\\\/\\\/bonhomme.fr\\\/en\\\/disclaimer\\\/#breadcrumb\",\"itemListElement\":[{\"@type\":\"ListItem\",\"position\":1,\"name\":\"Accueil\",\"item\":\"https:\\\/\\\/bonhomme.fr\\\/en\\\/\"},{\"@type\":\"ListItem\",\"position\":2,\"name\":\"Disclaimer\"}]},{\"@type\":\"WebSite\",\"@id\":\"https:\\\/\\\/bonhomme.fr\\\/en\\\/#website\",\"url\":\"https:\\\/\\\/bonhomme.fr\\\/en\\\/\",\"name\":\"BONHOMME escape scarves\",\"description\":\"Etablissement familial depuis 1870\",\"publisher\":{\"@id\":\"https:\\\/\\\/bonhomme.fr\\\/en\\\/#organization\"},\"potentialAction\":[{\"@type\":\"SearchAction\",\"target\":{\"@type\":\"EntryPoint\",\"urlTemplate\":\"https:\\\/\\\/bonhomme.fr\\\/en\\\/?s={search_term_string}\"},\"query-input\":{\"@type\":\"PropertyValueSpecification\",\"valueRequired\":true,\"valueName\":\"search_term_string\"}}],\"inLanguage\":\"en-US\"},{\"@type\":\"Organization\",\"@id\":\"https:\\\/\\\/bonhomme.fr\\\/en\\\/#organization\",\"name\":\"Bonhomme Foulards d'Evasion\",\"url\":\"https:\\\/\\\/bonhomme.fr\\\/en\\\/\",\"logo\":{\"@type\":\"ImageObject\",\"inLanguage\":\"en-US\",\"@id\":\"https:\\\/\\\/bonhomme.fr\\\/en\\\/#\\\/schema\\\/logo\\\/image\\\/\",\"url\":\"https:\\\/\\\/bonhomme.fr\\\/wp-content\\\/uploads\\\/2019\\\/11\\\/bnhmm-logo-trans.png\",\"contentUrl\":\"https:\\\/\\\/bonhomme.fr\\\/wp-content\\\/uploads\\\/2019\\\/11\\\/bnhmm-logo-trans.png\",\"width\":200,\"height\":72,\"caption\":\"Bonhomme Foulards d'Evasion\"},\"image\":{\"@id\":\"https:\\\/\\\/bonhomme.fr\\\/en\\\/#\\\/schema\\\/logo\\\/image\\\/\"},\"sameAs\":[\"https:\\\/\\\/www.facebook.com\\\/bnhmmparis\",\"https:\\\/\\\/www.instagram.com\\\/bnhmm\\\/\",\"https:\\\/\\\/www.pinterest.fr\\\/bnhmm\\\/\"]}]}<\/script>\n<!-- \/ Yoast SEO plugin. -->","yoast_head_json":{"title":"Disclaimer &#8212; BONHOMME escape scarves","robots":{"index":"noindex","follow":"nofollow"},"og_locale":"en_US","og_type":"article","og_title":"Disclaimer &#8212; BONHOMME escape scarves","og_description":"[vc_row type=&#8221;full-nopad&#8221; css=&#8221;.vc_custom_1432728062229{padding-top: 46px !important;}&#8221;][vc_column][vc_separator][\/vc_column][\/vc_row][vc_row type=&#8221;boxed&#8221; css=&#8221;.vc_custom_1432728051583{padding-top: 49px !important;}&#8221;][vc_column width=&#8221;1\/4&#8243;][vc_column_text el_class=&#8221;nm-highlight-text&#8221;] Conditions g\u00e9n\u00e9rales de vente [\/vc_column_text][vc_empty_space height=&#8221;30px&#8221;][\/vc_column][vc_column width=&#8221;3\/4&#8243; offset=&#8221;vc_col-lg-5&#8243;][vc_column_text]Les pr\u00e9sentes conditions g\u00e9n\u00e9rales r\u00e9gissent les modalit\u00e9s et conditions de vente en ligne par Bonhomme\u00a0\u00e0 ses clients. Toute commande par un client implique son acceptation de plein droit et sans r\u00e9serve des pr\u00e9sentes conditions. L\u2019ensemble des donn\u00e9es &hellip;","og_url":"https:\/\/bonhomme.fr\/en\/disclaimer\/","og_site_name":"BONHOMME escape scarves","article_publisher":"https:\/\/www.facebook.com\/bnhmmparis","article_modified_time":"2024-12-05T17:20:22+00:00","og_image":[{"width":1280,"height":1588,"url":"https:\/\/bonhomme.fr\/wp-content\/uploads\/2017\/12\/WEB-WW2-CHINA-3.jpg","type":"image\/jpeg"}],"twitter_card":"summary_large_image","schema":{"@context":"https:\/\/schema.org","@graph":[{"@type":"WebPage","@id":"https:\/\/bonhomme.fr\/en\/disclaimer\/","url":"https:\/\/bonhomme.fr\/en\/disclaimer\/","name":"Disclaimer &#8212; BONHOMME escape scarves","isPartOf":{"@id":"https:\/\/bonhomme.fr\/en\/#website"},"datePublished":"2015-08-12T12:41:48+00:00","dateModified":"2024-12-05T17:20:22+00:00","breadcrumb":{"@id":"https:\/\/bonhomme.fr\/en\/disclaimer\/#breadcrumb"},"inLanguage":"en-US","potentialAction":[{"@type":"ReadAction","target":["https:\/\/bonhomme.fr\/en\/disclaimer\/"]}]},{"@type":"BreadcrumbList","@id":"https:\/\/bonhomme.fr\/en\/disclaimer\/#breadcrumb","itemListElement":[{"@type":"ListItem","position":1,"name":"Accueil","item":"https:\/\/bonhomme.fr\/en\/"},{"@type":"ListItem","position":2,"name":"Disclaimer"}]},{"@type":"WebSite","@id":"https:\/\/bonhomme.fr\/en\/#website","url":"https:\/\/bonhomme.fr\/en\/","name":"BONHOMME escape scarves","description":"Etablissement familial depuis 1870","publisher":{"@id":"https:\/\/bonhomme.fr\/en\/#organization"},"potentialAction":[{"@type":"SearchAction","target":{"@type":"EntryPoint","urlTemplate":"https:\/\/bonhomme.fr\/en\/?s={search_term_string}"},"query-input":{"@type":"PropertyValueSpecification","valueRequired":true,"valueName":"search_term_string"}}],"inLanguage":"en-US"},{"@type":"Organization","@id":"https:\/\/bonhomme.fr\/en\/#organization","name":"Bonhomme Foulards d'Evasion","url":"https:\/\/bonhomme.fr\/en\/","logo":{"@type":"ImageObject","inLanguage":"en-US","@id":"https:\/\/bonhomme.fr\/en\/#\/schema\/logo\/image\/","url":"https:\/\/bonhomme.fr\/wp-content\/uploads\/2019\/11\/bnhmm-logo-trans.png","contentUrl":"https:\/\/bonhomme.fr\/wp-content\/uploads\/2019\/11\/bnhmm-logo-trans.png","width":200,"height":72,"caption":"Bonhomme Foulards d'Evasion"},"image":{"@id":"https:\/\/bonhomme.fr\/en\/#\/schema\/logo\/image\/"},"sameAs":["https:\/\/www.facebook.com\/bnhmmparis","https:\/\/www.instagram.com\/bnhmm\/","https:\/\/www.pinterest.fr\/bnhmm\/"]}]}},"_links":{"self":[{"href":"https:\/\/bonhomme.fr\/en\/wp-json\/wp\/v2\/pages\/1333","targetHints":{"allow":["GET"]}}],"collection":[{"href":"https:\/\/bonhomme.fr\/en\/wp-json\/wp\/v2\/pages"}],"about":[{"href":"https:\/\/bonhomme.fr\/en\/wp-json\/wp\/v2\/types\/page"}],"author":[{"embeddable":true,"href":"https:\/\/bonhomme.fr\/en\/wp-json\/wp\/v2\/users\/279"}],"replies":[{"embeddable":true,"href":"https:\/\/bonhomme.fr\/en\/wp-json\/wp\/v2\/comments?post=1333"}],"version-history":[{"count":2,"href":"https:\/\/bonhomme.fr\/en\/wp-json\/wp\/v2\/pages\/1333\/revisions"}],"predecessor-version":[{"id":6738,"href":"https:\/\/bonhomme.fr\/en\/wp-json\/wp\/v2\/pages\/1333\/revisions\/6738"}],"wp:attachment":[{"href":"https:\/\/bonhomme.fr\/en\/wp-json\/wp\/v2\/media?parent=1333"}],"curies":[{"name":"wp","href":"https:\/\/api.w.org\/{rel}","templated":true}]}}